{"id":591,"date":"2022-02-09T17:34:21","date_gmt":"2022-02-09T23:34:21","guid":{"rendered":"https:\/\/tierracristera.com\/?page_id=591"},"modified":"2023-06-12T17:21:09","modified_gmt":"2023-06-12T22:21:09","slug":"santo-rosario","status":"publish","type":"page","link":"https:\/\/tierracristera.com\/index.php\/santo-rosario\/","title":{"rendered":"Santo Rosario"},"content":{"rendered":"\n<h2 class=\"wp-block-heading\" id=\"el-santo-rosario\"><a>El Santo Rosario.&nbsp;<\/a><\/h2>\n\n\n\n<p>\u00abEl Santo Rosario es mi oraci\u00f3n mariana predilecta. \u00a1Plegaria maravillosa! Maravillosa en su sencillez y en su profundidad. En esa plegaria repetimos muchas veces las palabras que la Virgen oy\u00f3 del Arc\u00e1ngel y de su prima Isabel. Y en el trasfondo de las avemar\u00eda, pasan ante los ojos del alma los episodios principales de la vida de Jesucristo. El Rosario en su conjunto consta de los Misterios Gozosos, Luminosos, Dolorosos, y Gloriosos, y nos pone en comuni\u00f3n vital con Jesucristo a trav\u00e9s del Coraz\u00f3n de su Madre\u00bb. (Juan Pablo II).&nbsp;<\/p>\n\n\n\n<h2 class=\"wp-block-heading\" id=\"oraciones-iniciales\"><a>Oraciones iniciales.&nbsp;<\/a><\/h2>\n\n\n\n<p>V. Por la se\u00f1al + de la Santa Cruz, de nuestros + enemigos l\u00edbranos, + Se\u00f1or Dios nuestro. En el nombre del Padre, + y del Hijo y del Espiritu Santo. Am\u00e9n.&nbsp;<\/p>\n\n\n\n<p>V. Se\u00f1or, abre mis labios.&nbsp;<\/p>\n\n\n\n<p>R. Y mi boca proclamar\u00e1 tu alabanza.&nbsp;<\/p>\n\n\n\n<p>V. Dios m\u00edo ven en mi auxilio.&nbsp;<\/p>\n\n\n\n<p>R. Se\u00f1or date prisa en socorrerme.&nbsp;<\/p>\n\n\n\n<p>V. Gloria al Padre, y al Hijo, y al Esp\u00edritu Santo.&nbsp;<\/p>\n\n\n\n<p>R. Como era en el principio, ahora y siempre por los siglos de los siglos. Am\u00e9n.&nbsp;<\/p>\n\n\n\n<p>V. Se\u00f1or m\u00edo Jesucristo.&nbsp;<\/p>\n\n\n\n<p>R. Dios y hombre verdadero, me pesa de todo coraz\u00f3n de haber pecado, porque he merecido el infierno y perdido el cielo, y sobre todo, porque te ofend\u00ed a ti, que eres bondad infinita, a quien amo sobre todas las cosas. Propongo firmemente, con tu gracia, enmendarme y alejarme de las ocasiones de pecar, confesarme y cumplir la penitencia. Conf\u00edo me perdonar\u00e1s por tu infinita misericordia. Am\u00e9n.&nbsp;<\/p>\n\n\n\n<p>V. Abre, Se\u00f1or, mis labios.&nbsp;<\/p>\n\n\n\n<p>R. Para alabar tu nombre, y el de tu Santa Madre.&nbsp;<\/p>\n\n\n\n<p>V. Gloria al Padre, al Hijo y al Esp\u00edritu Santo.&nbsp;<\/p>\n\n\n\n<p>R. Como era en el principio, ahora y siempre por los siglos de los siglos. Am\u00e9n.&nbsp;<\/p>\n\n\n\n<p><\/p>\n\n\n\n<p>El que Gu\u00eda, anuncia los misterios que se van a meditar: de gozo, de luz, de dolor o de Gloria y antes de cada decena se va anunciando el Misterio, rezando el padrenuestro y a continuaci\u00f3n diez avemar\u00eda y un Gloria al Padre. Al final de cada Misterio, se acostumbra rezar alguna jaculatoria:&nbsp;<\/p>\n\n\n\n<p>\u2002V. Mar\u00eda, Madre de gracia, Madre de Misericordia.&nbsp;<\/p>\n\n\n\n<p>R. En la vida y en la muerte, amp\u00e1rame, gran Se\u00f1ora.&nbsp;<\/p>\n\n\n\n<p>\u2002O \u00e9sta que pidi\u00f3 la Virgen de F\u00e1tima:&nbsp;<\/p>\n\n\n\n<p>\u2002\u00a1Oh Jes\u00fas m\u00edo! Perdona nuestras culpas, pres\u00e9rvanos del fuego del infierno, lleva al cielo a todas las almas, socorre especialmente a las m\u00e1s necesitadas de tu misericordia.&nbsp;<\/p>\n\n\n\n<p>O cuando el Rosario es por alg\u00fan difunto:&nbsp;<\/p>\n\n\n\n<p><\/p>\n\n\n\n<p>V. Dale, Se\u00f1or, el descanso eterno.&nbsp;<\/p>\n\n\n\n<p>R. Y brille para \u00e9l (ella) la luz perpetua.&nbsp;<\/p>\n\n\n\n<p>V. Descanse en paz.&nbsp;<\/p>\n\n\n\n<p>R. As\u00ed sea.&nbsp;<\/p>\n\n\n\n<p><\/p>\n\n\n\n<h2 class=\"wp-block-heading\" id=\"misterios-de-gozo\"><a>Misterios de Gozo.&nbsp;<\/a><\/h2>\n\n\n\n<h2 class=\"wp-block-heading\" id=\"lunes-y-sabado\"><a id=\"\">Lunes y S\u00e1bado&nbsp;<\/a><\/h2>\n\n\n\n<p>1. Primer misterio de gozo: La Encarnaci\u00f3n del Hijo de Dios (Lc 1: 37).&nbsp;<\/p>\n\n\n\n<p>2. Segundo misterio de gozo: La visita de la Virgen Mar\u00eda a Santa Isabel (Lc 1: 39-56).&nbsp;<\/p>\n\n\n\n<p>3. Tercer misterio de gozo: El nacimiento del Ni\u00f1o Jes\u00fas (Lc 2: 1-20).&nbsp;<\/p>\n\n\n\n<p>4. Cuarto misterio de gozo: La presentaci\u00f3n del Ni\u00f1o Jes\u00fas en el Templo (Lc 2: 22-40).&nbsp;<\/p>\n\n\n\n<p>5. Quinto misterio de gozo: El Ni\u00f1o Jes\u00fas perdido y hallado en el Templo (Lc 2: 41-52).&nbsp;<\/p>\n\n\n\n<p><br>\u2002<a>Misterios de Luz.&nbsp;<\/a><\/p>\n\n\n\n<h2 class=\"wp-block-heading\" id=\"jueves\"><a id=\"\">Jueves&nbsp;<\/a><\/h2>\n\n\n\n<p>1. Primer misterio de luz: El bautismo de Jes\u00fas en el Jord\u00e1n (Mt 3: 13-17).&nbsp;<\/p>\n\n\n\n<p>2. Segundo misterio de luz: Jes\u00fas se da a conocer en las bodas de Can\u00e1 (Jn 2: 1-12).&nbsp;<\/p>\n\n\n\n<p>3. Tercer misterio de luz: Jes\u00fas anuncia el Reino de Dios invitando a la conversi\u00f3n (Mc 1: 15).&nbsp;<\/p>\n\n\n\n<p>4. Cuarto misterio de luz: La Transfiguraci\u00f3n de Jes\u00fas (Lc 9: 35).&nbsp;<\/p>\n\n\n\n<p>5. Quinto misterio de luz: La instituci\u00f3n de la Eucarist\u00eda, expresi\u00f3n sacramental del Misterio Pascual (Jn 13: 1).&nbsp;<\/p>\n\n\n\n<p><br>\u2002<a>Misterios de Dolor.&nbsp;<\/a><\/p>\n\n\n\n<h2 class=\"wp-block-heading\" id=\"martes-y-viernes\"><a id=\"\">Martes y Viernes&nbsp;<\/a><\/h2>\n\n\n\n<p>1. Primer misterio de dolor: La oraci\u00f3n de Jes\u00fas en el huerto (Mc 14: 22-42).&nbsp;<\/p>\n\n\n\n<p>2. Segundo misterio de dolor: La flagelaci\u00f3n de nuestro Se\u00f1or Jesucristo (Mc 15: 1-15).&nbsp;<\/p>\n\n\n\n<p>3. Tercer misterio de dolor: Jes\u00fas es coronado de espinas (Mc 15: 16-20).&nbsp;<\/p>\n\n\n\n<p>4. Cuarto misterio de dolor: Jes\u00fas con la cruz a cuestas (Mc 15: 21-28).&nbsp;<\/p>\n\n\n\n<p>5. Quinto misterio de dolor: La Crucifixi\u00f3n y muerte de nuestro Se\u00f1or Jesucristo (Mc 15: 29-39).&nbsp;<\/p>\n\n\n\n<p><br>\u2002<a>Misterios de Gloria.&nbsp;<\/a><\/p>\n\n\n\n<h2 class=\"wp-block-heading\" id=\"miercoles-y-domingo\">Mi\u00e9rcoles y Domingo&nbsp;<\/h2>\n\n\n\n<p>1. Primer misterio de gloria: La Resurrecci\u00f3n del Hijo de Dios (Mt 28: 1-8).&nbsp;<\/p>\n\n\n\n<p>2. Segundo misterio de gloria: La Ascensi\u00f3n del Hijo de Dios (Hch 1: 6-11).&nbsp;<\/p>\n\n\n\n<p>3. Tercer misterio de gloria: La venida del Esp\u00edritu Santo sobre los Ap\u00f3stoles (Hch 2: 1, 13).&nbsp;<\/p>\n\n\n\n<p>4. Cuarto misterio de gloria: La Asunci\u00f3n de Mar\u00eda (Ap 12: 1).&nbsp;<\/p>\n\n\n\n<p>5. Quinto misterio de gloria: La Coronaci\u00f3n de nuestra Se\u00f1ora, como Reina de cielos y tierra (Lc 1: 46-50).&nbsp;<\/p>\n\n\n\n<p><br>\u2002Al terminar los cinco misterios se rezan tres avemar\u00eda, en la forma que a continuaci\u00f3n se indica, y la Letan\u00eda Lauretana.&nbsp;<\/p>\n\n\n\n<p><br>\u2002Dios te salve Mar\u00eda Sant\u00edsima, Hija de Dios Padre, Virgen pur\u00edsima antes del parto, en tus manos ponemos nuestra fe para que la ilumines, llena eres de gracia&#8230;&nbsp;<\/p>\n\n\n\n<p>\u2002<\/p>\n\n\n\n<p>Dios te salve Mar\u00eda Sant\u00edsima, Madre de Dios Hijo, Virgen pur\u00edsima durante el parto, en tus manos ponemos nuestra esperanza para que la alientes, llena eres de gracia&#8230;&nbsp;<\/p>\n\n\n\n<p>\u2002<\/p>\n\n\n\n<p>Dios te salve Mar\u00eda Sant\u00edsima, Esposa de Dios Esp\u00edritu Santo, Virgen pur\u00edsima despu\u00e9s del parto, en tus manos ponemos nuestra caridad para que la inflames, llena eres de gracia&#8230;&nbsp;<\/p>\n\n\n\n<p><br>\u2002Dios te salve Mar\u00eda Sant\u00edsima, Templo, Trono y Sagrario de la Sant\u00edsima Trinidad, Virgen concebida en gracia sin la culpa del pecado original. Dios te salve, San Jos\u00e9, esposo de Mar\u00eda Virgen y Madre. Am\u00e9n.&nbsp;<\/p>\n\n\n\n<p>\u2002<\/p>\n\n\n\n<p>\u00a1Dios te salve Reina, Madre de misericordia,&nbsp;<\/p>\n\n\n\n<p>vida, dulzura y esperanza nuestra! \u00a1Dios te salve!&nbsp;<\/p>\n\n\n\n<p>A ti llamamos los desterrados hijos de Eva;&nbsp;<\/p>\n\n\n\n<p>a ti suspiramos, gimiendo y llorando,&nbsp;<\/p>\n\n\n\n<p>en este valle de l\u00e1grimas.&nbsp;<\/p>\n\n\n\n<p>Ea, pues, Se\u00f1ora, abogada nuestra,&nbsp;<\/p>\n\n\n\n<p>vuelve a nosotros esos tus ojos misericordiosos.&nbsp;<\/p>\n\n\n\n<p>Y despu\u00e9s de este destierro mu\u00e9stranos a Jes\u00fas,&nbsp;<\/p>\n\n\n\n<p>fruto bendito de tu vientre.&nbsp;<\/p>\n\n\n\n<p>\u00a1Oh Clemente, oh piadosa, oh dulce Virgen Mar\u00eda!&nbsp;<\/p>\n\n\n\n<p>Ruega por nosotros, Santa Madre de Dios,&nbsp;<\/p>\n\n\n\n<p>para que seamos dignos de alcanzar las promesas&nbsp;<\/p>\n\n\n\n<p>de nuestro Se\u00f1or Jesucristo. Am\u00e9n.&nbsp;<\/p>\n\n\n\n<p>\u2002<\/p>\n\n\n\n<h2 class=\"wp-block-heading\" id=\"letanias-de-la-santisima-virgen\"><a>Letan\u00edas de la Sant\u00edsima Virgen.&nbsp;<\/a><\/h2>\n\n\n\n<p>Se\u00f1or, ten piedad de nosotros.&nbsp;<\/p>\n\n\n\n<p>Cristo, ten piedad de nosotros.&nbsp;<\/p>\n\n\n\n<p>Se\u00f1or, ten piedad de nosotros.&nbsp;<\/p>\n\n\n\n<p>Cristo, \u00f3yenos.&nbsp;<\/p>\n\n\n\n<p>Cristo, esc\u00fachanos.&nbsp;<\/p>\n\n\n\n<p>Dios, Padre Celestial que eres Dios.&nbsp;<\/p>\n\n\n\n<p><em>Ten piedad de nosotros.<\/em>&nbsp;<\/p>\n\n\n\n<p>Dios Hijo, Redentor del mundo que eres Dios.&nbsp;<\/p>\n\n\n\n<p><em>Ten piedad de nosotros.&nbsp;<\/em><\/p>\n\n\n\n<p>Esp\u00edritu Santo que eres Dios.&nbsp;<\/p>\n\n\n\n<p><em>Ten piedad de nosotros.&nbsp;<\/em><\/p>\n\n\n\n<p>Sant\u00edsima Trinidad, que eres un solo Dios.&nbsp;<\/p>\n\n\n\n<p><em>Ten piedad de nosotros.&nbsp;<\/em><\/p>\n\n\n\n<p>Santa Mar\u00eda.&nbsp;<\/p>\n\n\n\n<p><em>Ruega por nosotros.&nbsp;<\/em><\/p>\n\n\n\n<p>Santa Madre de Dios.&nbsp;<\/p>\n\n\n\n<p><em>Ruega por nosotros.&nbsp;<\/em><\/p>\n\n\n\n<p>Santa Virgen de las v\u00edrgenes.&nbsp;<\/p>\n\n\n\n<p><em>Ruega por nosotros.&nbsp;<\/em><\/p>\n\n\n\n<p>Madre de Jesucristo.&nbsp;<\/p>\n\n\n\n<p><em>Ruega por nosotros.&nbsp;<\/em><\/p>\n\n\n\n<p>Madre de la divina gracia.&nbsp;<\/p>\n\n\n\n<p><em>Ruega por nosotros.&nbsp;<\/em><\/p>\n\n\n\n<p>Madre pur\u00edsima.&nbsp;<\/p>\n\n\n\n<p><em>Ruega por nosotros.&nbsp;<\/em><\/p>\n\n\n\n<p>Madre cast\u00edsima.&nbsp;<\/p>\n\n\n\n<p><em>Ruega por nosotros.&nbsp;<\/em><\/p>\n\n\n\n<p>Madre Virgen.&nbsp;<\/p>\n\n\n\n<p><em>Ruega por nosotros.&nbsp;<\/em><\/p>\n\n\n\n<p>Madre Inmaculada.&nbsp;<\/p>\n\n\n\n<p><em>Ruega por nosotros.<\/em>&nbsp;<\/p>\n\n\n\n<p>Madre amable.&nbsp;<\/p>\n\n\n\n<p><em>Ruega por nosotros.&nbsp;<\/em><\/p>\n\n\n\n<p>Madre admirable.&nbsp;<\/p>\n\n\n\n<p><em>Ruega por nosotros.&nbsp;<\/em><\/p>\n\n\n\n<p>Madre del Buen Consejo.&nbsp;<\/p>\n\n\n\n<p><em>Ruega por nosotros.&nbsp;<\/em><\/p>\n\n\n\n<p>Madre del Creador.&nbsp;<\/p>\n\n\n\n<p><em>Ruega por nosotros.&nbsp;<\/em><\/p>\n\n\n\n<p>Madre del Salvador.&nbsp;<\/p>\n\n\n\n<p><em>Ruega por nosotros.&nbsp;<\/em><\/p>\n\n\n\n<p>Madre de la Iglesia.&nbsp;<\/p>\n\n\n\n<p><em>Ruega por nosotros.&nbsp;<\/em><\/p>\n\n\n\n<p>Virgen prudent\u00edsima.&nbsp;<\/p>\n\n\n\n<p><em>Ruega por nosotros.&nbsp;<\/em><\/p>\n\n\n\n<p>Virgen venerable. (Virgen digna de veneraci\u00f3n)&nbsp;<\/p>\n\n\n\n<p><em>Ruega por nosotros&nbsp;<\/em><\/p>\n\n\n\n<p>Virgen laudable. (Virgen digna de alabanza)&nbsp;<\/p>\n\n\n\n<p><em>Ruega por nosotros.&nbsp;<\/em><\/p>\n\n\n\n<p>Virgen poderosa.&nbsp;<\/p>\n\n\n\n<p><em>Ruega por nosotros.&nbsp;<\/em><\/p>\n\n\n\n<p>Virgen misericordiosa.&nbsp;<\/p>\n\n\n\n<p><em>Ruega por nosotros.&nbsp;<\/em><\/p>\n\n\n\n<p>Virgen fiel.&nbsp;<\/p>\n\n\n\n<p><em>Ruega por nosotros.&nbsp;<\/em><\/p>\n\n\n\n<p>Espejo de justicia. (Espejo de santidad)&nbsp;<\/p>\n\n\n\n<p><em>Ruega por nosotros.&nbsp;<\/em><\/p>\n\n\n\n<p>Trono de la Sabidur\u00eda.&nbsp;<\/p>\n\n\n\n<p><em>Ruega por nosotros.&nbsp;<\/em><\/p>\n\n\n\n<p>Causa de nuestra alegr\u00eda.&nbsp;<\/p>\n\n\n\n<p><em>Ruega por nosotros.&nbsp;<\/em><\/p>\n\n\n\n<p>Vaso espiritual. (Templo del Esp\u00edritu Santo)&nbsp;<\/p>\n\n\n\n<p><em>Ruega por nosotros.&nbsp;<\/em><\/p>\n\n\n\n<p>Vaso digno de honor. (Honor de los pueblos)&nbsp;<\/p>\n\n\n\n<p><em>Ruega por nosotros.&nbsp;<\/em><\/p>\n\n\n\n<p>Vaso Insigne de devoci\u00f3n. (Modelo de entrega a Dios)&nbsp;<\/p>\n\n\n\n<p><em>Ruega por nosotros.&nbsp;<\/em><\/p>\n\n\n\n<p>Rosa M\u00edstica.&nbsp;<\/p>\n\n\n\n<p><em>Ruega por nosotros.&nbsp;<\/em><\/p>\n\n\n\n<p>Torre de David. (Fuerte como la Torre de David)&nbsp;<\/p>\n\n\n\n<p><em>Ruega por nosotros.&nbsp;<\/em><\/p>\n\n\n\n<p>Torre de Marfil. (Hermosa como Torre de marfil)&nbsp;<\/p>\n\n\n\n<p><em>Ruega por nosotros.&nbsp;<\/em><\/p>\n\n\n\n<p>Casa de Oro.&nbsp;<\/p>\n\n\n\n<p><em>Ruega por nosotros.&nbsp;<\/em><\/p>\n\n\n\n<p>Arca de la alianza. (Arca de la Nueva Alianza)&nbsp;<\/p>\n\n\n\n<p><em>Ruega por nosotros.&nbsp;<\/em><\/p>\n\n\n\n<p>Puerta del cielo.&nbsp;<\/p>\n\n\n\n<p><em>Ruega por nosotros.<\/em>&nbsp;<\/p>\n\n\n\n<p>Estrella de la ma\u00f1ana.&nbsp;<\/p>\n\n\n\n<p><em>Ruega por nosotros.&nbsp;<\/em><\/p>\n\n\n\n<p>Salud de los enfermos.&nbsp;<\/p>\n\n\n\n<p><em>Ruega por nosotros.&nbsp;<\/em><\/p>\n\n\n\n<p>Refugio de los pecadores.&nbsp;<\/p>\n\n\n\n<p><em>Ruega por nosotros.&nbsp;<\/em><\/p>\n\n\n\n<p>Consoladora de los afligidos.&nbsp;<\/p>\n\n\n\n<p><em>Ruega por nosotros.&nbsp;<\/em><\/p>\n\n\n\n<p>Auxilio de los Cristianos.&nbsp;<\/p>\n\n\n\n<p><em>Ruega por nosotros.&nbsp;<\/em><\/p>\n\n\n\n<p>Reina de los \u00c1ngeles.&nbsp;<\/p>\n\n\n\n<p><em>Ruega por nosotros.&nbsp;<\/em><\/p>\n\n\n\n<p>Reina de los Patriarcas.&nbsp;<\/p>\n\n\n\n<p><em>Ruega por nosotros.&nbsp;<\/em><\/p>\n\n\n\n<p>Reina de los Profetas.&nbsp;<\/p>\n\n\n\n<p><em>Ruega por nosotros.&nbsp;<\/em><\/p>\n\n\n\n<p>Reina de los Ap\u00f3stoles.&nbsp;<\/p>\n\n\n\n<p><em>Ruega por nosotros.&nbsp;<\/em><\/p>\n\n\n\n<p>Reina de los M\u00e1rtires.&nbsp;<\/p>\n\n\n\n<p><em>Ruega por nosotros.&nbsp;<\/em><\/p>\n\n\n\n<p>Reina de los Confesores.&nbsp;<\/p>\n\n\n\n<p><em>Ruega por nosotros.&nbsp;<\/em><\/p>\n\n\n\n<p>Reina de las V\u00edrgenes.&nbsp;<\/p>\n\n\n\n<p><em>Ruega por nosotros.&nbsp;<\/em><\/p>\n\n\n\n<p>Reina de todos los Santos.&nbsp;<\/p>\n\n\n\n<p><em>Ruega por nosotros.&nbsp;<\/em><\/p>\n\n\n\n<p>Reina concebida sin pecado original.&nbsp;<\/p>\n\n\n\n<p><em>Ruega por nosotros.&nbsp;<\/em><\/p>\n\n\n\n<p>Reina elevada al cielo en cuerpo y alma.&nbsp;<\/p>\n\n\n\n<p><em>Ruega por nosotros.&nbsp;<\/em><\/p>\n\n\n\n<p>Reina del Sant\u00edsimo Rosario.&nbsp;<\/p>\n\n\n\n<p><em>Ruega por nosotros.&nbsp;<\/em><\/p>\n\n\n\n<p>Reina de la paz.&nbsp;<\/p>\n\n\n\n<p><em>Ruega por nosotros.<\/em><\/p>\n\n\n\n<p>Reina de M\u00e9xico.&nbsp;<\/p>\n\n\n\n<p><em>Ruega por nosotros.&nbsp;<\/em><\/p>\n\n\n\n<p>Cordero de Dios, que quitas el pecado del mundo.&nbsp;<\/p>\n\n\n\n<p><em>Perd\u00f3nanos, Se\u00f1or.&nbsp;<\/em><\/p>\n\n\n\n<p>Cordero de Dios, que quitas el pecado del mundo.&nbsp;<\/p>\n\n\n\n<p><em>Esc\u00fachanos, Se\u00f1or.&nbsp;<\/em><\/p>\n\n\n\n<p>Cordero de Dios, que quitas el pecado del mundo.&nbsp;<\/p>\n\n\n\n<p><em>Ten piedad y misericordia de nosotros.&nbsp;<\/em><\/p>\n\n\n\n<p><br>\u2002V. Bajo tu amparo nos acogemos, Santa Madre de Dios, no desprecies las s\u00faplicas que te dirigimos en nuestras necesidades, antes bien, l\u00edbranos de todos los peligros, oh Virgen gloriosa y bendita. Ruega por nosotros, Santa Madre de Dios.&nbsp;<\/p>\n\n\n\n<p>R. Para que seamos dignos de alcanzar las promesas de nuestro Se\u00f1or Jesucristo.&nbsp;<\/p>\n\n\n\n<p>V. Oh Dios, cuyo Unig\u00e9nito Hijo, con su vida, muerte y resurrecci\u00f3n, nos alcanz\u00f3 el premio de la vida eterna: conc\u00e9denos, a los que recordamos estos misterios del Santo Rosario, imitar lo que contienen y alcanzar lo que prometen. Por el mismo Jesucristo, nuestro Se\u00f1or. Am\u00e9n.&nbsp;<\/p>\n\n\n\n<p><br>\u2002<\/p>\n\n\n\n<h2 class=\"wp-block-heading\" id=\"ofrecimiento-del-santo-rosario\"><a>Ofrecimiento del Santo Rosario.&nbsp;<\/a><\/h2>\n\n\n\n<p>Por estos Misterios santos de que hemos hecho recuerdo, te pedimos, \u00a1oh Mar\u00eda!, de la Fe Santa el aumento; la exhaltaci\u00f3n de la Iglesia; del Papa el mejor acierto; de la Naci\u00f3n Mexicana, la uni\u00f3n y feliz gobierno. Que el gentil conozca a Dios, que el hereje reconozca sus errores. Que todos los pecadores tengamos, arrepentimiento. Que los cristianos perseguidos puedan practicar su fe. Goce puerto el navegante y de salud el enfermo. Que en el Purgatorio gocen las \u00e1nimas refrigerio. Y que este santo ejercicio tenga aumento en toda la cristiandad, para que alcancemos por su medio, el ir a alabar a Dios en tu compa\u00f1\u00eda en el cielo. Am\u00e9n.&nbsp;<\/p>\n\n\n\n<p>Concede, oh Se\u00f1or y Dios Nuestro a los que somos tus siervos que gocemos siempre de la salud del alma y del cuerpo, y que por la Gloriosa Virgen Mar\u00eda gocemos prontamente de la vida eterna. Por Jesucristo nuestro Se\u00f1or. Am\u00e9n.&nbsp;<\/p>\n","protected":false},"excerpt":{"rendered":"<p>El Santo Rosario.&nbsp; \u00abEl Santo Rosario es mi oraci\u00f3n mariana predilecta. \u00a1Plegaria maravillosa! Maravillosa en su sencillez y en su profundidad. En esa plegaria repetimos muchas veces las palabras que la Virgen oy\u00f3 del Arc\u00e1ngel y de su prima Isabel. Y en el trasfondo de las avemar\u00eda, pasan ante los ojos del alma los episodios [&hellip;]<\/p>\n","protected":false},"author":1,"featured_media":0,"parent":0,"menu_order":0,"comment_status":"closed","ping_status":"closed","template":"","meta":{"om_disable_all_campaigns":false,"_monsterinsights_skip_tracking":false,"_monsterinsights_sitenote_active":false,"_monsterinsights_sitenote_note":"","_monsterinsights_sitenote_category":0,"footnotes":""},"class_list":["post-591","page","type-page","status-publish"],"aioseo_notices":[],"yoast_head":"<!-- This site is optimized with the Yoast SEO plugin v27.5 - https:\/\/yoast.com\/product\/yoast-seo-wordpress\/ -->\n<title>Santo Rosario - Tierra Cristera - Portal Catolico<\/title>\n<meta name=\"robots\" content=\"index, follow, max-snippet:-1, max-image-preview:large, max-video-preview:-1\" \/>\n<link rel=\"canonical\" href=\"https:\/\/tierracristera.com\/index.php\/santo-rosario\/\" \/>\n<meta property=\"og:locale\" content=\"es_ES\" \/>\n<meta property=\"og:type\" content=\"article\" \/>\n<meta property=\"og:title\" content=\"Santo Rosario - Tierra Cristera - Portal Catolico\" \/>\n<meta property=\"og:description\" content=\"El Santo Rosario.&nbsp; \u00abEl Santo Rosario es mi oraci\u00f3n mariana predilecta. \u00a1Plegaria maravillosa! Maravillosa en su sencillez y en su profundidad. En esa plegaria repetimos muchas veces las palabras que la Virgen oy\u00f3 del Arc\u00e1ngel y de su prima Isabel. Y en el trasfondo de las avemar\u00eda, pasan ante los ojos del alma los episodios [&hellip;]\" \/>\n<meta property=\"og:url\" content=\"https:\/\/tierracristera.com\/index.php\/santo-rosario\/\" \/>\n<meta property=\"og:site_name\" content=\"Tierra Cristera - Portal Catolico\" \/>\n<meta property=\"article:modified_time\" content=\"2023-06-12T22:21:09+00:00\" \/>\n<meta name=\"twitter:card\" content=\"summary_large_image\" \/>\n<meta name=\"twitter:label1\" content=\"Tiempo de lectura\" \/>\n\t<meta name=\"twitter:data1\" content=\"8 minutos\" \/>\n<script type=\"application\/ld+json\" class=\"yoast-schema-graph\">{\"@context\":\"https:\\\/\\\/schema.org\",\"@graph\":[{\"@type\":\"WebPage\",\"@id\":\"https:\\\/\\\/tierracristera.com\\\/index.php\\\/santo-rosario\\\/\",\"url\":\"https:\\\/\\\/tierracristera.com\\\/index.php\\\/santo-rosario\\\/\",\"name\":\"Santo Rosario - Tierra Cristera - Portal Catolico\",\"isPartOf\":{\"@id\":\"https:\\\/\\\/tierracristera.com\\\/#website\"},\"datePublished\":\"2022-02-09T23:34:21+00:00\",\"dateModified\":\"2023-06-12T22:21:09+00:00\",\"breadcrumb\":{\"@id\":\"https:\\\/\\\/tierracristera.com\\\/index.php\\\/santo-rosario\\\/#breadcrumb\"},\"inLanguage\":\"es\",\"potentialAction\":[{\"@type\":\"ReadAction\",\"target\":[\"https:\\\/\\\/tierracristera.com\\\/index.php\\\/santo-rosario\\\/\"]}]},{\"@type\":\"BreadcrumbList\",\"@id\":\"https:\\\/\\\/tierracristera.com\\\/index.php\\\/santo-rosario\\\/#breadcrumb\",\"itemListElement\":[{\"@type\":\"ListItem\",\"position\":1,\"name\":\"Principal\",\"item\":\"https:\\\/\\\/tierracristera.com\\\/\"},{\"@type\":\"ListItem\",\"position\":2,\"name\":\"Santo Rosario\"}]},{\"@type\":\"WebSite\",\"@id\":\"https:\\\/\\\/tierracristera.com\\\/#website\",\"url\":\"https:\\\/\\\/tierracristera.com\\\/\",\"name\":\"Tierra Cristera - Portal Catolico\",\"description\":\"Tierra Cristera\",\"publisher\":{\"@id\":\"https:\\\/\\\/tierracristera.com\\\/#organization\"},\"potentialAction\":[{\"@type\":\"SearchAction\",\"target\":{\"@type\":\"EntryPoint\",\"urlTemplate\":\"https:\\\/\\\/tierracristera.com\\\/?s={search_term_string}\"},\"query-input\":{\"@type\":\"PropertyValueSpecification\",\"valueRequired\":true,\"valueName\":\"search_term_string\"}}],\"inLanguage\":\"es\"},{\"@type\":\"Organization\",\"@id\":\"https:\\\/\\\/tierracristera.com\\\/#organization\",\"name\":\"Tierra Cristera\",\"url\":\"https:\\\/\\\/tierracristera.com\\\/\",\"logo\":{\"@type\":\"ImageObject\",\"inLanguage\":\"es\",\"@id\":\"https:\\\/\\\/tierracristera.com\\\/#\\\/schema\\\/logo\\\/image\\\/\",\"url\":\"https:\\\/\\\/tierracristera.com\\\/wp-content\\\/uploads\\\/2021\\\/02\\\/LogoTierra.png\",\"contentUrl\":\"https:\\\/\\\/tierracristera.com\\\/wp-content\\\/uploads\\\/2021\\\/02\\\/LogoTierra.png\",\"width\":250,\"height\":250,\"caption\":\"Tierra Cristera\"},\"image\":{\"@id\":\"https:\\\/\\\/tierracristera.com\\\/#\\\/schema\\\/logo\\\/image\\\/\"}}]}<\/script>\n<!-- \/ Yoast SEO plugin. -->","yoast_head_json":{"title":"Santo Rosario - Tierra Cristera - Portal Catolico","robots":{"index":"index","follow":"follow","max-snippet":"max-snippet:-1","max-image-preview":"max-image-preview:large","max-video-preview":"max-video-preview:-1"},"canonical":"https:\/\/tierracristera.com\/index.php\/santo-rosario\/","og_locale":"es_ES","og_type":"article","og_title":"Santo Rosario - Tierra Cristera - Portal Catolico","og_description":"El Santo Rosario.&nbsp; \u00abEl Santo Rosario es mi oraci\u00f3n mariana predilecta. \u00a1Plegaria maravillosa! Maravillosa en su sencillez y en su profundidad. En esa plegaria repetimos muchas veces las palabras que la Virgen oy\u00f3 del Arc\u00e1ngel y de su prima Isabel. Y en el trasfondo de las avemar\u00eda, pasan ante los ojos del alma los episodios [&hellip;]","og_url":"https:\/\/tierracristera.com\/index.php\/santo-rosario\/","og_site_name":"Tierra Cristera - Portal Catolico","article_modified_time":"2023-06-12T22:21:09+00:00","twitter_card":"summary_large_image","twitter_misc":{"Tiempo de lectura":"8 minutos"},"schema":{"@context":"https:\/\/schema.org","@graph":[{"@type":"WebPage","@id":"https:\/\/tierracristera.com\/index.php\/santo-rosario\/","url":"https:\/\/tierracristera.com\/index.php\/santo-rosario\/","name":"Santo Rosario - Tierra Cristera - Portal Catolico","isPartOf":{"@id":"https:\/\/tierracristera.com\/#website"},"datePublished":"2022-02-09T23:34:21+00:00","dateModified":"2023-06-12T22:21:09+00:00","breadcrumb":{"@id":"https:\/\/tierracristera.com\/index.php\/santo-rosario\/#breadcrumb"},"inLanguage":"es","potentialAction":[{"@type":"ReadAction","target":["https:\/\/tierracristera.com\/index.php\/santo-rosario\/"]}]},{"@type":"BreadcrumbList","@id":"https:\/\/tierracristera.com\/index.php\/santo-rosario\/#breadcrumb","itemListElement":[{"@type":"ListItem","position":1,"name":"Principal","item":"https:\/\/tierracristera.com\/"},{"@type":"ListItem","position":2,"name":"Santo Rosario"}]},{"@type":"WebSite","@id":"https:\/\/tierracristera.com\/#website","url":"https:\/\/tierracristera.com\/","name":"Tierra Cristera - Portal Catolico","description":"Tierra Cristera","publisher":{"@id":"https:\/\/tierracristera.com\/#organization"},"potentialAction":[{"@type":"SearchAction","target":{"@type":"EntryPoint","urlTemplate":"https:\/\/tierracristera.com\/?s={search_term_string}"},"query-input":{"@type":"PropertyValueSpecification","valueRequired":true,"valueName":"search_term_string"}}],"inLanguage":"es"},{"@type":"Organization","@id":"https:\/\/tierracristera.com\/#organization","name":"Tierra Cristera","url":"https:\/\/tierracristera.com\/","logo":{"@type":"ImageObject","inLanguage":"es","@id":"https:\/\/tierracristera.com\/#\/schema\/logo\/image\/","url":"https:\/\/tierracristera.com\/wp-content\/uploads\/2021\/02\/LogoTierra.png","contentUrl":"https:\/\/tierracristera.com\/wp-content\/uploads\/2021\/02\/LogoTierra.png","width":250,"height":250,"caption":"Tierra Cristera"},"image":{"@id":"https:\/\/tierracristera.com\/#\/schema\/logo\/image\/"}}]}},"amp_enabled":true,"_links":{"self":[{"href":"https:\/\/tierracristera.com\/index.php\/wp-json\/wp\/v2\/pages\/591","targetHints":{"allow":["GET"]}}],"collection":[{"href":"https:\/\/tierracristera.com\/index.php\/wp-json\/wp\/v2\/pages"}],"about":[{"href":"https:\/\/tierracristera.com\/index.php\/wp-json\/wp\/v2\/types\/page"}],"author":[{"embeddable":true,"href":"https:\/\/tierracristera.com\/index.php\/wp-json\/wp\/v2\/users\/1"}],"replies":[{"embeddable":true,"href":"https:\/\/tierracristera.com\/index.php\/wp-json\/wp\/v2\/comments?post=591"}],"version-history":[{"count":6,"href":"https:\/\/tierracristera.com\/index.php\/wp-json\/wp\/v2\/pages\/591\/revisions"}],"predecessor-version":[{"id":1017,"href":"https:\/\/tierracristera.com\/index.php\/wp-json\/wp\/v2\/pages\/591\/revisions\/1017"}],"wp:attachment":[{"href":"https:\/\/tierracristera.com\/index.php\/wp-json\/wp\/v2\/media?parent=591"}],"curies":[{"name":"wp","href":"https:\/\/api.w.org\/{rel}","templated":true}]}}